{"id":1009,"date":"2020-06-30T09:49:00","date_gmt":"2020-06-30T07:49:00","guid":{"rendered":"https:\/\/www.n-ice.net\/?page_id=1009"},"modified":"2023-10-11T17:31:03","modified_gmt":"2023-10-11T15:31:03","slug":"n-ice-es-eco-friendly","status":"publish","type":"page","link":"https:\/\/www.n-ice.net\/ca\/n-ice-es-eco-friendly\/","title":{"rendered":"N-Ice \u00e9s Eco-Friendly"},"content":{"rendered":"<div data-elementor-type=\"wp-page\" data-elementor-id=\"1009\" class=\"elementor elementor-1009\" data-elementor-post-type=\"page\">\n\t\t\t\t\t\t<section class=\"elementor-section elementor-top-section elementor-element elementor-element-821dcd8 elementor-section-full_width elementor-section-height-default elementor-section-height-default parallax_section_no qode_elementor_container_no\" data-id=\"821dcd8\" data-element_type=\"section\" data-e-type=\"section\">\n\t\t\t\t\t\t<div class=\"elementor-container elementor-column-gap-no\">\n\t\t\t\t\t<div class=\"elementor-column elementor-col-100 elementor-top-column elementor-element elementor-element-80918e8\" data-id=\"80918e8\" data-element_type=\"column\" data-e-type=\"column\">\n\t\t\t<div class=\"elementor-widget-wrap elementor-element-populated\">\n\t\t\t\t\t\t<div class=\"elementor-element elementor-element-055d307 elementor-widget elementor-widget-slider_revolution\" data-id=\"055d307\" data-element_type=\"widget\" data-e-type=\"widget\" data-widget_type=\"slider_revolution.default\">\n\t\t\t\t\t<div class=\"wp-block-themepunch-revslider revslider\">\n\t\t\t\t<p class=\"rs-p-wp-fix\"><\/p>\n\t\t\t\t<sr7-module data-alias=\"eco-friendly\" data-id=\"22\" id=\"SR7_22_1\" data-version=\"7.0.7.1\">\n\t\t\t\t\t<sr7-adjuster><\/sr7-adjuster>\n\t\t\t\t\t<sr7-content>\n\t\t\t\t\t\t<sr7-slide id=\"SR7_22_1-5\" data-key=\"5\">\n\t\t\t\t\t\t\t<sr7-bg id=\"SR7_22_1-5-20\" class=\"sr7-layer\"><noscript><img decoding=\"async\" src=\"https:\/\/www.n-ice.net\/wp-content\/uploads\/2020\/06\/N-ice-Eco-Friendly-Header-slide-background.jpg\" alt=\"N-ice Skating | Les pistes de gel N-ice s\u00f3n eco friendly\" title=\"N-ice Skating | Les pistes de gel N-ice s\u00f3n eco friendly\"><\/noscript><\/sr7-bg>\n\t\t\t\t\t\t\t<sr7-txt id=\"SR7_22_1-5-5\" class=\"sr7-layer\" srscsrc><b>N-ice<\/b> \u00e9s 0% emissions CO<sub>2<\/sub>\n<\/sr7-txt>\n\t\t\t\t\t\t\t<sr7-txt id=\"SR7_22_1-5-19\" class=\"sr7-layer\" srscsrc>Les pistes <b>N-ice<\/b> s\u00f3n eco-friendly<\/sr7-txt>\n\t\t\t\t\t\t<\/sr7-slide>\n\t\t\t\t\t\t<sr7-slide id=\"SR7_22_1-18\" data-key=\"18\">\n\t\t\t\t\t\t<\/sr7-slide>\n\t\t\t\t\t<\/sr7-content>\n\t\t\t\t\t<image_lists style=\"display:none\">\n\t\t\t\t\t\t<img data-src=\"\/\/www.n-ice.net\/wp-content\/uploads\/revslider\/o\/22\/fdb67e79f4b0eeb58c1ee448a6be6f75.webp\" data-libid=\"559\" title=\"Slide inici\" width=\"0\" height=\"0\" data-dbsrc=\"Ly93d3cubi1pY2UubmV0L3dwLWNvbnRlbnQvdXBsb2Fkcy8yMDE5LzA0L2hvbWUtc2xpZGVyLXNpbnRldGljby5wbmc=\"\/>\n\t\t\t\t\t\t<img data-src=\"\/\/www.n-ice.net\/wp-content\/uploads\/revslider\/o\/22\/3897af8b82398f2388d89dc9ba6b5e3d.webp\" width=\"0\" height=\"0\" data-dbsrc=\"Ly93d3cubi1pY2UubmV0L3dwLWNvbnRlbnQvdXBsb2Fkcy8yMDIwLzA2L04taWNlLUVjby1GcmllbmRseS1IZWFkZXItc2xpZGUtYmFja2dyb3VuZC5qcGc=\"\/>\n\t\t\t\t\t<\/image_lists>\n\t\t\t\t<\/sr7-module>\n\t\t\t\t<script data-wcc=\"necessary\">\n\t\t\t\t\twindow.SR7??={}; SR7.PMH ??={}; SR7.PMH[\"SR7_22_1\"] = {cn:100,state:false,fn: function() { if (window._tpt!==undefined && window._tpt.prepareModuleHeight !== undefined) {  _tpt.prepareModuleHeight({id:\"SR7_22_1\",el:[868,868,768,960,720],type:'hero',gh:[868,868,768,960,720],gw:[1200,1200,1100,850,580],vpt:['-200px&#039;,&#039;-200px&#039;,&#039;-200px&#039;,&#039;-200px&#039;,&#039;-200px'],size:{fullWidth:true, fullHeight:false},mh:'0',onh:0,onw:0,bg:{color:'{\"orig\":\"transparent\",\"type\":\"solid\",\"string\":\"transparent\"}'},plType:'4',plColor:'#f27e9a'});   SR7.PMH[\"SR7_22_1\"].state=true;} else if(SR7.PMH[\"SR7_22_1\"].cn-->0)\tsetTimeout( SR7.PMH[\"SR7_22_1\"].fn,19);}};SR7.PMH[\"SR7_22_1\" ].fn();\n\t\t\t\t<\/script>\n<\/div>\t\t\t\t<\/div>\n\t\t\t\t\t<\/div>\n\t\t<\/div>\n\t\t\t\t\t<\/div>\n\t\t<\/section>\n\t\t\t\t<section class=\"elementor-section elementor-top-section elementor-element elementor-element-43aff99 elementor-section-boxed elementor-section-height-default elementor-section-height-default parallax_section_no qode_elementor_container_no\" data-id=\"43aff99\" data-element_type=\"section\" data-e-type=\"section\">\n\t\t\t\t\t\t<div class=\"elementor-container elementor-column-gap-default\">\n\t\t\t\t\t<div class=\"elementor-column elementor-col-100 elementor-top-column elementor-element elementor-element-a47b8a7\" data-id=\"a47b8a7\" data-element_type=\"column\" data-e-type=\"column\">\n\t\t\t<div class=\"elementor-widget-wrap elementor-element-populated\">\n\t\t\t\t\t\t<section class=\"elementor-section elementor-inner-section elementor-element elementor-element-9e05463 elementor-section-boxed elementor-section-height-default elementor-section-height-default parallax_section_no qode_elementor_container_no\" data-id=\"9e05463\" data-element_type=\"section\" data-e-type=\"section\">\n\t\t\t\t\t\t<div class=\"elementor-container elementor-column-gap-default\">\n\t\t\t\t\t<div class=\"elementor-column elementor-col-50 elementor-inner-column elementor-element elementor-element-8e1d825\" data-id=\"8e1d825\" data-element_type=\"column\" data-e-type=\"column\">\n\t\t\t<div class=\"elementor-widget-wrap elementor-element-populated\">\n\t\t\t\t\t\t<div class=\"elementor-element elementor-element-bedcedd elementor-widget elementor-widget-heading\" data-id=\"bedcedd\" data-element_type=\"widget\" data-e-type=\"widget\" data-widget_type=\"heading.default\">\n\t\t\t\t\t<h1 class=\"elementor-heading-title elementor-size-default\">N-ice is Eco Friendly<\/h1>\t\t\t\t<\/div>\n\t\t\t\t<div class=\"elementor-element elementor-element-037f6cc elementor-widget elementor-widget-text-editor\" data-id=\"037f6cc\" data-element_type=\"widget\" data-e-type=\"widget\" data-widget_type=\"text-editor.default\">\n\t\t\t\t\t\t\t\t\t<p><\/p>\t\t\t\t\t\t\t\t<\/div>\n\t\t\t\t<div class=\"elementor-element elementor-element-81a9f95 elementor-widget elementor-widget-counter\" data-id=\"81a9f95\" data-element_type=\"widget\" data-e-type=\"widget\" data-widget_type=\"counter.default\">\n\t\t\t\t\t\t\t<div class=\"elementor-counter\">\n\t\t\t<div class=\"elementor-counter-title\">CO<sub>2<\/sub> Emissions<\/div>\t\t\t<div class=\"elementor-counter-number-wrapper\">\n\t\t\t\t<span class=\"elementor-counter-number-prefix\"><\/span>\n\t\t\t\t<span class=\"elementor-counter-number\" data-duration=\"4000\" data-to-value=\"0\" data-from-value=\"100\">100<\/span>\n\t\t\t\t<span class=\"elementor-counter-number-suffix\">%<\/span>\n\t\t\t<\/div>\n\t\t<\/div>\n\t\t\t\t\t\t<\/div>\n\t\t\t\t\t<\/div>\n\t\t<\/div>\n\t\t\t\t<div class=\"elementor-column elementor-col-50 elementor-inner-column elementor-element elementor-element-ad1cb52\" data-id=\"ad1cb52\" data-element_type=\"column\" data-e-type=\"column\">\n\t\t\t<div class=\"elementor-widget-wrap elementor-element-populated\">\n\t\t\t\t\t\t<div class=\"elementor-element elementor-element-ea2e144 elementor-widget elementor-widget-image\" data-id=\"ea2e144\" data-element_type=\"widget\" data-e-type=\"widget\" data-widget_type=\"image.default\">\n\t\t\t\t\t\t\t\t\t\t\t\t\t\t\t<img fetchpriority=\"high\" decoding=\"async\" width=\"722\" height=\"639\" src=\"https:\/\/www.n-ice.net\/wp-content\/uploads\/2020\/07\/Les-pistes-de-gel-N-ice-s\u00f3n-eco-friendly.jpg\" class=\"attachment-full size-full wp-image-1038\" alt=\"N-ice Skating | N-ice ice rinks are eco friendly\" srcset=\"https:\/\/www.n-ice.net\/wp-content\/uploads\/2020\/07\/Les-pistes-de-gel-N-ice-s\u00f3n-eco-friendly.jpg 722w, https:\/\/www.n-ice.net\/wp-content\/uploads\/2020\/07\/Les-pistes-de-gel-N-ice-s\u00f3n-eco-friendly-300x266.jpg 300w, https:\/\/www.n-ice.net\/wp-content\/uploads\/2020\/07\/Les-pistes-de-gel-N-ice-s\u00f3n-eco-friendly-700x620.jpg 700w\" sizes=\"(max-width: 722px) 100vw, 722px\" \/>\t\t\t\t\t\t\t\t\t\t\t\t\t\t\t<\/div>\n\t\t\t\t\t<\/div>\n\t\t<\/div>\n\t\t\t\t\t<\/div>\n\t\t<\/section>\n\t\t\t\t\t<\/div>\n\t\t<\/div>\n\t\t\t\t\t<\/div>\n\t\t<\/section>\n\t\t\t\t<section class=\"elementor-section elementor-top-section elementor-element elementor-element-b0a6223 elementor-section-boxed elementor-section-height-default elementor-section-height-default parallax_section_no qode_elementor_container_no\" data-id=\"b0a6223\" data-element_type=\"section\" data-e-type=\"section\" data-settings=\"{&quot;background_background&quot;:&quot;classic&quot;}\">\n\t\t\t\t\t\t<div class=\"elementor-container elementor-column-gap-default\">\n\t\t\t\t\t<div class=\"elementor-column elementor-col-100 elementor-top-column elementor-element elementor-element-7eed163\" data-id=\"7eed163\" data-element_type=\"column\" data-e-type=\"column\">\n\t\t\t<div class=\"elementor-widget-wrap elementor-element-populated\">\n\t\t\t\t\t\t<div class=\"elementor-element elementor-element-b873545 elementor-align-start elementor-icon-list--layout-traditional elementor-list-item-link-full_width elementor-widget elementor-widget-icon-list\" data-id=\"b873545\" data-element_type=\"widget\" data-e-type=\"widget\" data-widget_type=\"icon-list.default\">\n\t\t\t\t\t\t\t<ul class=\"elementor-icon-list-items\">\n\t\t\t\t\t\t\t<li class=\"elementor-icon-list-item\">\n\t\t\t\t\t\t\t\t\t\t\t<span class=\"elementor-icon-list-icon\">\n\t\t\t\t\t\t\t<i aria-hidden=\"true\" class=\"fas fa-check\"><\/i>\t\t\t\t\t\t<\/span>\n\t\t\t\t\t\t\t\t\t\t<span class=\"elementor-icon-list-text\">Ecological ice rinks<\/span>\n\t\t\t\t\t\t\t\t\t<\/li>\n\t\t\t\t\t\t\t\t<li class=\"elementor-icon-list-item\">\n\t\t\t\t\t\t\t\t\t\t\t<span class=\"elementor-icon-list-icon\">\n\t\t\t\t\t\t\t<i aria-hidden=\"true\" class=\"fas fa-check\"><\/i>\t\t\t\t\t\t<\/span>\n\t\t\t\t\t\t\t\t\t\t<span class=\"elementor-icon-list-text\">0% carbon footprint<\/span>\n\t\t\t\t\t\t\t\t\t<\/li>\n\t\t\t\t\t\t\t\t<li class=\"elementor-icon-list-item\">\n\t\t\t\t\t\t\t\t\t\t\t<span class=\"elementor-icon-list-icon\">\n\t\t\t\t\t\t\t<i aria-hidden=\"true\" class=\"fas fa-check\"><\/i>\t\t\t\t\t\t<\/span>\n\t\t\t\t\t\t\t\t\t\t<span class=\"elementor-icon-list-text\">CO<sub>2<\/sub> compensation<\/span>\n\t\t\t\t\t\t\t\t\t<\/li>\n\t\t\t\t\t\t\t\t<li class=\"elementor-icon-list-item\">\n\t\t\t\t\t\t\t\t\t\t\t<span class=\"elementor-icon-list-icon\">\n\t\t\t\t\t\t\t<i aria-hidden=\"true\" class=\"fas fa-check\"><\/i>\t\t\t\t\t\t<\/span>\n\t\t\t\t\t\t\t\t\t\t<span class=\"elementor-icon-list-text\">Use of renewable energies<\/span>\n\t\t\t\t\t\t\t\t\t<\/li>\n\t\t\t\t\t\t\t\t<li class=\"elementor-icon-list-item\">\n\t\t\t\t\t\t\t\t\t\t\t<span class=\"elementor-icon-list-icon\">\n\t\t\t\t\t\t\t<i aria-hidden=\"true\" class=\"fas fa-check\"><\/i>\t\t\t\t\t\t<\/span>\n\t\t\t\t\t\t\t\t\t\t<span class=\"elementor-icon-list-text\">Reuse of water to manufacture ice<\/span>\n\t\t\t\t\t\t\t\t\t<\/li>\n\t\t\t\t\t\t\t\t<li class=\"elementor-icon-list-item\">\n\t\t\t\t\t\t\t\t\t\t\t<span class=\"elementor-icon-list-icon\">\n\t\t\t\t\t\t\t<i aria-hidden=\"true\" class=\"fas fa-check\"><\/i>\t\t\t\t\t\t<\/span>\n\t\t\t\t\t\t\t\t\t\t<span class=\"elementor-icon-list-text\"> Machine consumption = consumption of two electric cars<\/span>\n\t\t\t\t\t\t\t\t\t<\/li>\n\t\t\t\t\t\t<\/ul>\n\t\t\t\t\t\t<\/div>\n\t\t\t\t\t<\/div>\n\t\t<\/div>\n\t\t\t\t\t<\/div>\n\t\t<\/section>\n\t\t\t\t<section class=\"elementor-section elementor-top-section elementor-element elementor-element-58a1cf9 elementor-section-full_width elementor-section-height-default elementor-section-height-default parallax_section_no qode_elementor_container_no\" data-id=\"58a1cf9\" data-element_type=\"section\" data-e-type=\"section\">\n\t\t\t\t\t\t<div class=\"elementor-container elementor-column-gap-no\">\n\t\t\t\t\t<div class=\"elementor-column elementor-col-100 elementor-top-column elementor-element elementor-element-c2ecb30\" data-id=\"c2ecb30\" data-element_type=\"column\" data-e-type=\"column\">\n\t\t\t<div class=\"elementor-widget-wrap elementor-element-populated\">\n\t\t\t\t\t\t<section class=\"elementor-section elementor-inner-section elementor-element elementor-element-4954cdf elementor-section-boxed elementor-section-height-default elementor-section-height-default parallax_section_no qode_elementor_container_no\" data-id=\"4954cdf\" data-element_type=\"section\" data-e-type=\"section\">\n\t\t\t\t\t\t<div class=\"elementor-container elementor-column-gap-default\">\n\t\t\t\t\t<div class=\"elementor-column elementor-col-50 elementor-inner-column elementor-element elementor-element-2212791\" data-id=\"2212791\" data-element_type=\"column\" data-e-type=\"column\">\n\t\t\t<div class=\"elementor-widget-wrap elementor-element-populated\">\n\t\t\t\t\t\t<div class=\"elementor-element elementor-element-a3aaf7b elementor-widget elementor-widget-heading\" data-id=\"a3aaf7b\" data-element_type=\"widget\" data-e-type=\"widget\" data-widget_type=\"heading.default\">\n\t\t\t\t\t<h3 class=\"elementor-heading-title elementor-size-default\">Committed to the environment<\/h3>\t\t\t\t<\/div>\n\t\t\t\t<div class=\"elementor-element elementor-element-ea14f6f elementor-widget elementor-widget-text-editor\" data-id=\"ea14f6f\" data-element_type=\"widget\" data-e-type=\"widget\" data-widget_type=\"text-editor.default\">\n\t\t\t\t\t\t\t\t\t<p>We are committed to sustainability and tackling climate change; in all our projects we offset the carbon footprint associated with the operation of our refrigeration machines.<\/p><p>We guarantee an effective reduction of greenhouse gas emissions.<\/p>\t\t\t\t\t\t\t\t<\/div>\n\t\t\t\t<div class=\"elementor-element elementor-element-f0c9639 elementor-widget elementor-widget-heading\" data-id=\"f0c9639\" data-element_type=\"widget\" data-e-type=\"widget\" data-widget_type=\"heading.default\">\n\t\t\t\t\t<h3 class=\"elementor-heading-title elementor-size-default\">Certificate<\/h3>\t\t\t\t<\/div>\n\t\t\t\t<div class=\"elementor-element elementor-element-64f492c elementor-widget elementor-widget-text-editor\" data-id=\"64f492c\" data-element_type=\"widget\" data-e-type=\"widget\" data-widget_type=\"text-editor.default\">\n\t\t\t\t\t\t\t\t\tN-ice obtains official certificate and seal issued by the Clean CO<sub>2<\/sub> firm<\/sub>\t\t\t\t\t\t\t\t<\/div>\n\t\t\t\t\t<\/div>\n\t\t<\/div>\n\t\t\t\t<div class=\"elementor-column elementor-col-50 elementor-inner-column elementor-element elementor-element-04f65cd\" data-id=\"04f65cd\" data-element_type=\"column\" data-e-type=\"column\">\n\t\t\t<div class=\"elementor-widget-wrap elementor-element-populated\">\n\t\t\t\t\t\t<div class=\"elementor-element elementor-element-14afa5f elementor-widget elementor-widget-image\" data-id=\"14afa5f\" data-element_type=\"widget\" data-e-type=\"widget\" data-widget_type=\"image.default\">\n\t\t\t\t\t\t\t\t\t\t\t\t\t\t\t<img loading=\"lazy\" decoding=\"async\" width=\"200\" height=\"101\" src=\"https:\/\/www.n-ice.net\/wp-content\/uploads\/2023\/10\/N-ice-Pistes-de-gel-Eco-Friendly-Certificat-Clean-CO2.png\" class=\"attachment-large size-large wp-image-2328\" alt=\"N-ice | Eco Friendly real ice rinks\" \/>\t\t\t\t\t\t\t\t\t\t\t\t\t\t\t<\/div>\n\t\t\t\t\t<\/div>\n\t\t<\/div>\n\t\t\t\t\t<\/div>\n\t\t<\/section>\n\t\t\t\t\t<\/div>\n\t\t<\/div>\n\t\t\t\t\t<\/div>\n\t\t<\/section>\n\t\t\t\t<\/div>","protected":false},"excerpt":{"rendered":"<p>N-Ice \u00e9s Eco Friendly A N-ice\u00a0estem compromesos amb el medi ambient. Per aix\u00f2 fem que els nostres projectes de gel real siguin sostenibles. Les nostres pistes de gel s\u00f3n ecol\u00f2giques, 0% d&#8217;empremta de carboni Compensem el CO2, utilitzem energies renovables i reutilitzem l&#8217;aigua per tornar a crear gel. A m\u00e9s, la nostra m\u00e0quina frigor\u00edfica consumeix com a dos cotxes el\u00e8ctrics. Els nostres projectes de pistes de gel real s\u00f3n eco-friendly Sempre compromesos amb la sostenibilitat i el medi ambient 100 % Emissions CO2 Pistes de gel ecol\u00f2giques 0% empremta carboni Compensaci\u00f3 CO2 Utilitzaci\u00f3 d&#8217;energies renovables Reutilitzaci\u00f3 de l&#8217;aigua per a fabricar hielo Consum de m\u00e0quina = consum dos cotxes el\u00e8ctrics Compromesos amb el medi ambient Apostem per la sostenibilitat i per fer front al canvi clim\u00e0tic, compensem en tots els nostres projectes la petjada de carboni associat al funcionament de les nostres m\u00e0quines refrigeradores. Garantim una reducci\u00f3 efectiva de les emissions de gasos amb efecte hivernacle. Certificat N-ice obt\u00e9 certificat oficial i segell em\u00e8s per la firma Clean CO2<\/p>\n","protected":false},"author":1,"featured_media":0,"parent":0,"menu_order":0,"comment_status":"closed","ping_status":"closed","template":"elementor_header_footer","meta":{"rs_blank_template":"","rs_page_bg_color":"","slide_template_v7":"","footnotes":""},"class_list":["post-1009","page","type-page","status-publish","hentry"],"yoast_head":"<!-- This site is optimized with the Yoast SEO plugin v27.4 - https:\/\/yoast.com\/product\/yoast-seo-wordpress\/ -->\n<title>N-Ice \u00e9s Eco-Friendly - N-ice Skating<\/title>\n<meta name=\"description\" content=\"A N-ice estem compromesos amb el medi ambient. Per aix\u00f2 fem que els nostres projectes de gel real siguin sostenibles.\" \/>\n<meta name=\"robots\" content=\"index, follow, max-snippet:-1, max-image-preview:large, max-video-preview:-1\" \/>\n<link rel=\"canonical\" href=\"https:\/\/www.n-ice.net\/n-ice-es-eco-friendly\/\" \/>\n<meta property=\"og:locale\" content=\"ca_ES\" \/>\n<meta property=\"og:type\" content=\"article\" \/>\n<meta property=\"og:title\" content=\"[:es]N-Ice es Eco-Friendly[:ca]N-Ice \u00e9s Eco-Friendly[:en]N-Ice is Eco-Friendly[:] - N-ice Skating\" \/>\n<meta property=\"og:description\" content=\"A N-ice estem compromesos amb el medi ambient. Per aix\u00f2 fem que els nostres projectes de gel real siguin sostenibles.\" \/>\n<meta property=\"og:url\" content=\"https:\/\/www.n-ice.net\/n-ice-es-eco-friendly\/\" \/>\n<meta property=\"og:site_name\" content=\"N-ice Skating\" \/>\n<meta property=\"article:publisher\" content=\"https:\/\/www.facebook.com\/niceskating\/\" \/>\n<meta property=\"article:modified_time\" content=\"2023-10-11T15:31:03+00:00\" \/>\n<meta property=\"og:image\" content=\"https:\/\/www.n-ice.net\/wp-content\/uploads\/2023\/10\/N-ice-Pistes-de-gel-Eco-Friendly-Certificat-Clean-CO2.png\" \/>\n<meta name=\"twitter:card\" content=\"summary_large_image\" \/>\n<meta name=\"twitter:label1\" content=\"Temps estimat de lectura\" \/>\n\t<meta name=\"twitter:data1\" content=\"3 minuts\" \/>\n<script type=\"application\/ld+json\" class=\"yoast-schema-graph\">{\"@context\":\"https:\\\/\\\/schema.org\",\"@graph\":[{\"@type\":\"WebPage\",\"@id\":\"https:\\\/\\\/www.n-ice.net\\\/n-ice-es-eco-friendly\\\/\",\"url\":\"https:\\\/\\\/www.n-ice.net\\\/n-ice-es-eco-friendly\\\/\",\"name\":\"[:es]N-Ice es Eco-Friendly[:ca]N-Ice \u00e9s Eco-Friendly[:en]N-Ice is Eco-Friendly[:] - N-ice Skating\",\"isPartOf\":{\"@id\":\"https:\\\/\\\/www.n-ice.net\\\/#website\"},\"primaryImageOfPage\":{\"@id\":\"https:\\\/\\\/www.n-ice.net\\\/n-ice-es-eco-friendly\\\/#primaryimage\"},\"image\":{\"@id\":\"https:\\\/\\\/www.n-ice.net\\\/n-ice-es-eco-friendly\\\/#primaryimage\"},\"thumbnailUrl\":\"https:\\\/\\\/www.n-ice.net\\\/wp-content\\\/uploads\\\/2023\\\/10\\\/N-ice-Pistes-de-gel-Eco-Friendly-Certificat-Clean-CO2.png\",\"datePublished\":\"2020-06-30T07:49:00+00:00\",\"dateModified\":\"2023-10-11T15:31:03+00:00\",\"description\":\"A N-ice estem compromesos amb el medi ambient. Per aix\u00f2 fem que els nostres projectes de gel real siguin sostenibles.\",\"breadcrumb\":{\"@id\":\"https:\\\/\\\/www.n-ice.net\\\/n-ice-es-eco-friendly\\\/#breadcrumb\"},\"inLanguage\":\"ca\",\"potentialAction\":[{\"@type\":\"ReadAction\",\"target\":[\"https:\\\/\\\/www.n-ice.net\\\/n-ice-es-eco-friendly\\\/\"]}]},{\"@type\":\"ImageObject\",\"inLanguage\":\"ca\",\"@id\":\"https:\\\/\\\/www.n-ice.net\\\/n-ice-es-eco-friendly\\\/#primaryimage\",\"url\":\"https:\\\/\\\/www.n-ice.net\\\/wp-content\\\/uploads\\\/2023\\\/10\\\/N-ice-Pistes-de-gel-Eco-Friendly-Certificat-Clean-CO2.png\",\"contentUrl\":\"https:\\\/\\\/www.n-ice.net\\\/wp-content\\\/uploads\\\/2023\\\/10\\\/N-ice-Pistes-de-gel-Eco-Friendly-Certificat-Clean-CO2.png\"},{\"@type\":\"BreadcrumbList\",\"@id\":\"https:\\\/\\\/www.n-ice.net\\\/n-ice-es-eco-friendly\\\/#breadcrumb\",\"itemListElement\":[{\"@type\":\"ListItem\",\"position\":1,\"name\":\"Home\",\"item\":\"https:\\\/\\\/www.n-ice.net\\\/\"},{\"@type\":\"ListItem\",\"position\":2,\"name\":\"N-Ice es Eco-Friendly\"}]},{\"@type\":\"WebSite\",\"@id\":\"https:\\\/\\\/www.n-ice.net\\\/#website\",\"url\":\"https:\\\/\\\/www.n-ice.net\\\/\",\"name\":\"N-ICE\",\"description\":\"Lloguer i venda de pistes de gel real i gel sint\u00e8tic\",\"publisher\":{\"@id\":\"https:\\\/\\\/www.n-ice.net\\\/#organization\"},\"potentialAction\":[{\"@type\":\"SearchAction\",\"target\":{\"@type\":\"EntryPoint\",\"urlTemplate\":\"https:\\\/\\\/www.n-ice.net\\\/?s={search_term_string}\"},\"query-input\":{\"@type\":\"PropertyValueSpecification\",\"valueRequired\":true,\"valueName\":\"search_term_string\"}}],\"inLanguage\":\"ca\"},{\"@type\":\"Organization\",\"@id\":\"https:\\\/\\\/www.n-ice.net\\\/#organization\",\"name\":\"N-Ice\",\"url\":\"https:\\\/\\\/www.n-ice.net\\\/\",\"logo\":{\"@type\":\"ImageObject\",\"inLanguage\":\"ca\",\"@id\":\"https:\\\/\\\/www.n-ice.net\\\/#\\\/schema\\\/logo\\\/image\\\/\",\"url\":\"https:\\\/\\\/www.n-ice.net\\\/wp-content\\\/uploads\\\/2019\\\/03\\\/nice-1.png\",\"contentUrl\":\"https:\\\/\\\/www.n-ice.net\\\/wp-content\\\/uploads\\\/2019\\\/03\\\/nice-1.png\",\"width\":200,\"height\":100,\"caption\":\"N-Ice\"},\"image\":{\"@id\":\"https:\\\/\\\/www.n-ice.net\\\/#\\\/schema\\\/logo\\\/image\\\/\"},\"sameAs\":[\"https:\\\/\\\/www.facebook.com\\\/niceskating\\\/\",\"https:\\\/\\\/www.instagram.com\\\/niceskating_pistasdehielo\\\/\",\"https:\\\/\\\/www.youtube.com\\\/user\\\/NICEskating\"]}]}<\/script>\n<!-- \/ Yoast SEO plugin. -->","yoast_head_json":{"title":"[:es]N-Ice es Eco-Friendly[:ca]N-Ice \u00e9s Eco-Friendly[:en]N-Ice is Eco-Friendly[:] - N-ice Skating","description":"A N-ice estem compromesos amb el medi ambient. Per aix\u00f2 fem que els nostres projectes de gel real siguin sostenibles.","robots":{"index":"index","follow":"follow","max-snippet":"max-snippet:-1","max-image-preview":"max-image-preview:large","max-video-preview":"max-video-preview:-1"},"canonical":"https:\/\/www.n-ice.net\/n-ice-es-eco-friendly\/","og_locale":"ca_ES","og_type":"article","og_title":"[:es]N-Ice es Eco-Friendly[:ca]N-Ice \u00e9s Eco-Friendly[:en]N-Ice is Eco-Friendly[:] - N-ice Skating","og_description":"A N-ice estem compromesos amb el medi ambient. Per aix\u00f2 fem que els nostres projectes de gel real siguin sostenibles.","og_url":"https:\/\/www.n-ice.net\/n-ice-es-eco-friendly\/","og_site_name":"N-ice Skating","article_publisher":"https:\/\/www.facebook.com\/niceskating\/","article_modified_time":"2023-10-11T15:31:03+00:00","og_image":[{"url":"https:\/\/www.n-ice.net\/wp-content\/uploads\/2023\/10\/N-ice-Pistes-de-gel-Eco-Friendly-Certificat-Clean-CO2.png","type":"","width":"","height":""}],"twitter_card":"summary_large_image","twitter_misc":{"Temps estimat de lectura":"3 minuts"},"schema":{"@context":"https:\/\/schema.org","@graph":[{"@type":"WebPage","@id":"https:\/\/www.n-ice.net\/n-ice-es-eco-friendly\/","url":"https:\/\/www.n-ice.net\/n-ice-es-eco-friendly\/","name":"[:es]N-Ice es Eco-Friendly[:ca]N-Ice \u00e9s Eco-Friendly[:en]N-Ice is Eco-Friendly[:] - N-ice Skating","isPartOf":{"@id":"https:\/\/www.n-ice.net\/#website"},"primaryImageOfPage":{"@id":"https:\/\/www.n-ice.net\/n-ice-es-eco-friendly\/#primaryimage"},"image":{"@id":"https:\/\/www.n-ice.net\/n-ice-es-eco-friendly\/#primaryimage"},"thumbnailUrl":"https:\/\/www.n-ice.net\/wp-content\/uploads\/2023\/10\/N-ice-Pistes-de-gel-Eco-Friendly-Certificat-Clean-CO2.png","datePublished":"2020-06-30T07:49:00+00:00","dateModified":"2023-10-11T15:31:03+00:00","description":"A N-ice estem compromesos amb el medi ambient. Per aix\u00f2 fem que els nostres projectes de gel real siguin sostenibles.","breadcrumb":{"@id":"https:\/\/www.n-ice.net\/n-ice-es-eco-friendly\/#breadcrumb"},"inLanguage":"ca","potentialAction":[{"@type":"ReadAction","target":["https:\/\/www.n-ice.net\/n-ice-es-eco-friendly\/"]}]},{"@type":"ImageObject","inLanguage":"ca","@id":"https:\/\/www.n-ice.net\/n-ice-es-eco-friendly\/#primaryimage","url":"https:\/\/www.n-ice.net\/wp-content\/uploads\/2023\/10\/N-ice-Pistes-de-gel-Eco-Friendly-Certificat-Clean-CO2.png","contentUrl":"https:\/\/www.n-ice.net\/wp-content\/uploads\/2023\/10\/N-ice-Pistes-de-gel-Eco-Friendly-Certificat-Clean-CO2.png"},{"@type":"BreadcrumbList","@id":"https:\/\/www.n-ice.net\/n-ice-es-eco-friendly\/#breadcrumb","itemListElement":[{"@type":"ListItem","position":1,"name":"Home","item":"https:\/\/www.n-ice.net\/"},{"@type":"ListItem","position":2,"name":"N-Ice es Eco-Friendly"}]},{"@type":"WebSite","@id":"https:\/\/www.n-ice.net\/#website","url":"https:\/\/www.n-ice.net\/","name":"N-ICE","description":"Lloguer i venda de pistes de gel real i gel sint\u00e8tic","publisher":{"@id":"https:\/\/www.n-ice.net\/#organization"},"potentialAction":[{"@type":"SearchAction","target":{"@type":"EntryPoint","urlTemplate":"https:\/\/www.n-ice.net\/?s={search_term_string}"},"query-input":{"@type":"PropertyValueSpecification","valueRequired":true,"valueName":"search_term_string"}}],"inLanguage":"ca"},{"@type":"Organization","@id":"https:\/\/www.n-ice.net\/#organization","name":"N-Ice","url":"https:\/\/www.n-ice.net\/","logo":{"@type":"ImageObject","inLanguage":"ca","@id":"https:\/\/www.n-ice.net\/#\/schema\/logo\/image\/","url":"https:\/\/www.n-ice.net\/wp-content\/uploads\/2019\/03\/nice-1.png","contentUrl":"https:\/\/www.n-ice.net\/wp-content\/uploads\/2019\/03\/nice-1.png","width":200,"height":100,"caption":"N-Ice"},"image":{"@id":"https:\/\/www.n-ice.net\/#\/schema\/logo\/image\/"},"sameAs":["https:\/\/www.facebook.com\/niceskating\/","https:\/\/www.instagram.com\/niceskating_pistasdehielo\/","https:\/\/www.youtube.com\/user\/NICEskating"]}]}},"_links":{"self":[{"href":"https:\/\/www.n-ice.net\/ca\/wp-json\/wp\/v2\/pages\/1009","targetHints":{"allow":["GET"]}}],"collection":[{"href":"https:\/\/www.n-ice.net\/ca\/wp-json\/wp\/v2\/pages"}],"about":[{"href":"https:\/\/www.n-ice.net\/ca\/wp-json\/wp\/v2\/types\/page"}],"author":[{"embeddable":true,"href":"https:\/\/www.n-ice.net\/ca\/wp-json\/wp\/v2\/users\/1"}],"replies":[{"embeddable":true,"href":"https:\/\/www.n-ice.net\/ca\/wp-json\/wp\/v2\/comments?post=1009"}],"version-history":[{"count":1,"href":"https:\/\/www.n-ice.net\/ca\/wp-json\/wp\/v2\/pages\/1009\/revisions"}],"predecessor-version":[{"id":3514,"href":"https:\/\/www.n-ice.net\/ca\/wp-json\/wp\/v2\/pages\/1009\/revisions\/3514"}],"wp:attachment":[{"href":"https:\/\/www.n-ice.net\/ca\/wp-json\/wp\/v2\/media?parent=1009"}],"curies":[{"name":"wp","href":"https:\/\/api.w.org\/{rel}","templated":true}]}}