{"id":348,"date":"2018-05-04T10:26:45","date_gmt":"2018-05-04T08:26:45","guid":{"rendered":"http:\/\/bridge228.qodeinteractive.com\/?page_id=348"},"modified":"2023-10-11T18:17:45","modified_gmt":"2023-10-11T16:17:45","slug":"servicios","status":"publish","type":"page","link":"https:\/\/www.n-ice.net\/ca\/servicios\/","title":{"rendered":"Serveis"},"content":{"rendered":"<div data-elementor-type=\"wp-page\" data-elementor-id=\"348\" class=\"elementor elementor-348\" data-elementor-post-type=\"page\">\n\t\t\t\t\t\t<section class=\"elementor-section elementor-top-section elementor-element elementor-element-d78d4d4 elementor-section-full_width elementor-section-height-default elementor-section-height-default parallax_section_no qode_elementor_container_no\" data-id=\"d78d4d4\" data-element_type=\"section\" data-e-type=\"section\">\n\t\t\t\t\t\t<div class=\"elementor-container elementor-column-gap-no\">\n\t\t\t\t\t<div class=\"elementor-column elementor-col-100 elementor-top-column elementor-element elementor-element-d0d548b\" data-id=\"d0d548b\" data-element_type=\"column\" data-e-type=\"column\">\n\t\t\t<div class=\"elementor-widget-wrap elementor-element-populated\">\n\t\t\t\t\t\t<div class=\"elementor-element elementor-element-a6d4ea1 elementor-widget elementor-widget-slider_revolution\" data-id=\"a6d4ea1\" data-element_type=\"widget\" data-e-type=\"widget\" data-widget_type=\"slider_revolution.default\">\n\t\t\t\t\t<div class=\"wp-block-themepunch-revslider revslider\">\n\t\t\t\t<p class=\"rs-p-wp-fix\"><\/p>\n\t\t\t\t<sr7-module data-alias=\"serveis\" data-id=\"29\" id=\"SR7_29_1\" data-version=\"7.0.7.1\">\n\t\t\t\t\t<sr7-adjuster><\/sr7-adjuster>\n\t\t\t\t\t<sr7-content>\n\t\t\t\t\t\t<sr7-slide id=\"SR7_29_1-8\" data-key=\"8\">\n\t\t\t\t\t\t\t<sr7-bg id=\"SR7_29_1-8-18\" class=\"sr7-layer\"><noscript><img decoding=\"async\" src=\"https:\/\/www.n-ice.net\/wp-content\/uploads\/2019\/03\/bg4.jpg\" alt=\"\" title=\"Serveis\"><\/noscript><\/sr7-bg>\n\t\t\t\t\t\t\t<sr7-txt id=\"SR7_29_1-8-0\" class=\"sr7-layer\" srscsrc>Qu\u00e8 podem fer per tu?<\/sr7-txt>\n\t\t\t\t\t\t\t<sr7-txt id=\"SR7_29_1-8-5\" class=\"sr7-layer\" srscsrc>Els nostres serveis<\/sr7-txt>\n\t\t\t\t\t\t<\/sr7-slide>\n\t\t\t\t\t\t<sr7-slide id=\"SR7_29_1-21\" data-key=\"21\">\n\t\t\t\t\t\t<\/sr7-slide>\n\t\t\t\t\t<\/sr7-content>\n\t\t\t\t\t<image_lists style=\"display:none\">\n\t\t\t\t\t\t<img data-src=\"\/\/www.n-ice.net\/wp-content\/uploads\/revslider\/o\/29\/e75340b49dee19142a930c06a87060bb.webp\" data-libid=\"390\" title=\"home-slider-2.png\" width=\"0\" height=\"0\" data-dbsrc=\"Ly93d3cubi1pY2UubmV0L3dwLWNvbnRlbnQvdXBsb2Fkcy9yZXZzbGlkZXIvaG9tZS1zbGlkZXIvaG9tZS1zbGlkZXItMi5wbmc=\"\/>\n\t\t\t\t\t\t<img data-src=\"\/\/www.n-ice.net\/wp-content\/uploads\/revslider\/o\/29\/025b8d5a230a37653be26dc6e1aa62be.webp\" data-libid=\"391\" title=\"home-slider-3.png\" width=\"0\" height=\"0\" data-dbsrc=\"Ly93d3cubi1pY2UubmV0L3dwLWNvbnRlbnQvdXBsb2Fkcy9yZXZzbGlkZXIvaG9tZS1zbGlkZXIvaG9tZS1zbGlkZXItMy5wbmc=\"\/>\n\t\t\t\t\t\t<img data-src=\"\/\/www.n-ice.net\/wp-content\/uploads\/revslider\/o\/29\/1627c7c11e76d56daa9ccee8adbe8a0b.webp\" data-libid=\"413\" title=\"Leeds-Ice-Rink-Interior-1\" width=\"0\" height=\"0\" data-dbsrc=\"Ly93d3cubi1pY2UubmV0L3dwLWNvbnRlbnQvdXBsb2Fkcy8yMDE5LzAzL0xlZWRzLUljZS1SaW5rLUludGVyaW9yLTEtMi5wbmc=\"\/>\n\t\t\t\t\t\t<img loading=\"lazy\" data-src=\"\/\/www.n-ice.net\/wp-content\/uploads\/revslider\/o\/29\/deeefc626c82952202e068332aba7752.webp\" data-libid=\"472\" title=\"Slide inici\" width=\"0\" height=\"0\" data-dbsrc=\"Ly93d3cubi1pY2UubmV0L3dwLWNvbnRlbnQvdXBsb2Fkcy8yMDE5LzAzL011amVyX3BhdGluYWplXzIyLnBuZw==\"\/>\n\t\t\t\t\t\t<img loading=\"lazy\" data-src=\"\/\/www.n-ice.net\/wp-content\/uploads\/revslider\/o\/29\/c770284a5798a3e8897ba690048d6b87.webp\" data-libid=\"435\" title=\"home-slider-1\" width=\"0\" height=\"0\" data-dbsrc=\"Ly93d3cubi1pY2UubmV0L3dwLWNvbnRlbnQvdXBsb2Fkcy8yMDE5LzAzL2hvbWUtc2xpZGVyLTEucG5n\"\/>\n\t\t\t\t\t\t<img loading=\"lazy\" data-src=\"\/\/www.n-ice.net\/wp-content\/uploads\/2019\/03\/bg4.jpg\" width=\"0\" height=\"0\" data-dbsrc=\"Ly93d3cubi1pY2UubmV0L3dwLWNvbnRlbnQvdXBsb2Fkcy8yMDE5LzAzL2JnNC5qcGc=\"\/>\n\t\t\t\t\t<\/image_lists>\n\t\t\t\t<\/sr7-module>\n\t\t\t\t<script data-wcc=\"necessary\">\n\t\t\t\t\twindow.SR7??={}; SR7.PMH ??={}; SR7.PMH[\"SR7_29_1\"] = {cn:100,state:false,fn: function() { if (window._tpt!==undefined && window._tpt.prepareModuleHeight !== undefined) {  _tpt.prepareModuleHeight({id:\"SR7_29_1\",el:[868,868,768,960,720],type:'hero',gh:[868,868,768,960,720],gw:[1200,1200,1100,850,580],vpt:['-200px&#039;,&#039;-200px&#039;,&#039;-200px&#039;,&#039;-200px&#039;,&#039;-200px'],size:{fullWidth:true, fullHeight:false},mh:'0',onh:0,onw:0,bg:{color:'{\"orig\":\"transparent\",\"type\":\"solid\",\"string\":\"transparent\"}'},plType:'4',plColor:'#f27e9a'});   SR7.PMH[\"SR7_29_1\"].state=true;} else if(SR7.PMH[\"SR7_29_1\"].cn-->0)\tsetTimeout( SR7.PMH[\"SR7_29_1\"].fn,19);}};SR7.PMH[\"SR7_29_1\" ].fn();\n\t\t\t\t<\/script>\n<\/div>\t\t\t\t<\/div>\n\t\t\t\t\t<\/div>\n\t\t<\/div>\n\t\t\t\t\t<\/div>\n\t\t<\/section>\n\t\t\t\t<section class=\"elementor-section elementor-top-section elementor-element elementor-element-0f93f79 elementor-section-full_width elementor-section-height-default elementor-section-height-default parallax_section_no qode_elementor_container_no\" data-id=\"0f93f79\" data-element_type=\"section\" data-e-type=\"section\">\n\t\t\t\t\t\t<div class=\"elementor-container elementor-column-gap-no\">\n\t\t\t\t\t<div class=\"elementor-column elementor-col-100 elementor-top-column elementor-element elementor-element-09ed0aa\" data-id=\"09ed0aa\" data-element_type=\"column\" data-e-type=\"column\">\n\t\t\t<div class=\"elementor-widget-wrap elementor-element-populated\">\n\t\t\t\t\t\t<div class=\"elementor-element elementor-element-2414ba9 elementor-icon-list--layout-inline elementor-align-center elementor-list-item-link-full_width elementor-widget elementor-widget-icon-list\" data-id=\"2414ba9\" data-element_type=\"widget\" data-e-type=\"widget\" data-widget_type=\"icon-list.default\">\n\t\t\t\t\t\t\t<ul class=\"elementor-icon-list-items elementor-inline-items\">\n\t\t\t\t\t\t\t<li class=\"elementor-icon-list-item elementor-inline-item\">\n\t\t\t\t\t\t\t\t\t\t\t<a href=\"https:\/\/www.n-ice.net\/servicios\/#alquiler\">\n\n\t\t\t\t\t\t\t\t\t\t\t\t<span class=\"elementor-icon-list-icon\">\n\t\t\t\t\t\t\t<i aria-hidden=\"true\" class=\"fas fa-key\"><\/i>\t\t\t\t\t\t<\/span>\n\t\t\t\t\t\t\t\t\t\t<span class=\"elementor-icon-list-text\">Lloguer pista de gel<\/span>\n\t\t\t\t\t\t\t\t\t\t\t<\/a>\n\t\t\t\t\t\t\t\t\t<\/li>\n\t\t\t\t\t\t\t\t<li class=\"elementor-icon-list-item elementor-inline-item\">\n\t\t\t\t\t\t\t\t\t\t\t<a href=\"https:\/\/www.n-ice.net\/servicios\/#venta\">\n\n\t\t\t\t\t\t\t\t\t\t\t\t<span class=\"elementor-icon-list-icon\">\n\t\t\t\t\t\t\t<i aria-hidden=\"true\" class=\"fas fa-handshake\"><\/i>\t\t\t\t\t\t<\/span>\n\t\t\t\t\t\t\t\t\t\t<span class=\"elementor-icon-list-text\">Venda de pistes de gel<\/span>\n\t\t\t\t\t\t\t\t\t\t\t<\/a>\n\t\t\t\t\t\t\t\t\t<\/li>\n\t\t\t\t\t\t\t\t<li class=\"elementor-icon-list-item elementor-inline-item\">\n\t\t\t\t\t\t\t\t\t\t\t<a href=\"https:\/\/www.n-ice.net\/servicios\/#gestion\">\n\n\t\t\t\t\t\t\t\t\t\t\t\t<span class=\"elementor-icon-list-icon\">\n\t\t\t\t\t\t\t<i aria-hidden=\"true\" class=\"fas fa-tools\"><\/i>\t\t\t\t\t\t<\/span>\n\t\t\t\t\t\t\t\t\t\t<span class=\"elementor-icon-list-text\">Gesti\u00f3 integral<\/span>\n\t\t\t\t\t\t\t\t\t\t\t<\/a>\n\t\t\t\t\t\t\t\t\t<\/li>\n\t\t\t\t\t\t<\/ul>\n\t\t\t\t\t\t<\/div>\n\t\t\t\t\t<\/div>\n\t\t<\/div>\n\t\t\t\t\t<\/div>\n\t\t<\/section>\n\t\t\t\t<section class=\"elementor-section elementor-top-section elementor-element elementor-element-1a30c47 elementor-section-full_width elementor-section-height-default elementor-section-height-default parallax_section_no qode_elementor_container_no\" data-id=\"1a30c47\" data-element_type=\"section\" data-e-type=\"section\" id=\"alquiler\">\n\t\t\t\t\t\t<div class=\"elementor-container elementor-column-gap-no\">\n\t\t\t\t\t<div class=\"elementor-column elementor-col-100 elementor-top-column elementor-element elementor-element-37634df\" data-id=\"37634df\" data-element_type=\"column\" data-e-type=\"column\">\n\t\t\t<div class=\"elementor-widget-wrap elementor-element-populated\">\n\t\t\t\t\t\t<section class=\"elementor-section elementor-inner-section elementor-element elementor-element-819a6f6 elementor-section-boxed elementor-section-height-default elementor-section-height-default parallax_section_no qode_elementor_container_no\" data-id=\"819a6f6\" data-element_type=\"section\" data-e-type=\"section\">\n\t\t\t\t\t\t<div class=\"elementor-container elementor-column-gap-default\">\n\t\t\t\t\t<div class=\"elementor-column elementor-col-100 elementor-inner-column elementor-element elementor-element-afcfb2e\" data-id=\"afcfb2e\" data-element_type=\"column\" data-e-type=\"column\">\n\t\t\t<div class=\"elementor-widget-wrap elementor-element-populated\">\n\t\t\t\t\t\t<div class=\"elementor-element elementor-element-21c2d34 elementor-widget elementor-widget-heading\" data-id=\"21c2d34\" data-element_type=\"widget\" data-e-type=\"widget\" data-widget_type=\"heading.default\">\n\t\t\t\t\t<h2 class=\"elementor-heading-title elementor-size-default\"><a href=\"http:\/\/uil\">Lloguer de pistes de gel<\/a><\/h2>\t\t\t\t<\/div>\n\t\t\t\t<div class=\"elementor-element elementor-element-a376906 elementor-widget elementor-widget-text-editor\" data-id=\"a376906\" data-element_type=\"widget\" data-e-type=\"widget\" data-widget_type=\"text-editor.default\">\n\t\t\t\t\t\t\t\t\t<p><\/p><h3 style=\"text-align: left;\">Un esdeveniment a la vista?<br \/>Busques dinamitzar visites a la teva poblaci\u00f3, centre comercial o zona d&#8217;oci?<\/h3><h2>Tenim la soluci\u00f3!<\/h2><p>N-ice ofereix el servei de lloguer de pistes de gel, reals o sint\u00e8tiques, aix\u00ed com tobogans.<\/p><p>Una soluci\u00f3 &#8220;<strong>clau en m\u00e0<\/strong>&#8220;: ens encarreguem de tot, de principi a fi: transport, muntatge, posada en marxa, material necessari per al funcionament de l&#8217;activitat i assessorament personalitzat a client. Tot, perqu\u00e8 la teva pista de gel estigui a punt per funcionar a la data indicada<\/p><p><strong>I seguim al teu costat! Durant el temps en qu\u00e8 estigui operativa, t&#8217;atenem\u2026 servei t\u00e8cnic i post venda disponible 24\/7.<\/strong><\/p>\t\t\t\t\t\t\t\t<\/div>\n\t\t\t\t\t<\/div>\n\t\t<\/div>\n\t\t\t\t\t<\/div>\n\t\t<\/section>\n\t\t\t\t\t<\/div>\n\t\t<\/div>\n\t\t\t\t\t<\/div>\n\t\t<\/section>\n\t\t\t\t<section class=\"elementor-section elementor-top-section elementor-element elementor-element-eee550b elementor-section-full_width elementor-section-height-default elementor-section-height-default parallax_section_no qode_elementor_container_no\" data-id=\"eee550b\" data-element_type=\"section\" data-e-type=\"section\" id=\"venta\">\n\t\t\t\t\t\t<div class=\"elementor-container elementor-column-gap-no\">\n\t\t\t\t\t<div class=\"elementor-column elementor-col-100 elementor-top-column elementor-element elementor-element-fdf95b5\" data-id=\"fdf95b5\" data-element_type=\"column\" data-e-type=\"column\">\n\t\t\t<div class=\"elementor-widget-wrap elementor-element-populated\">\n\t\t\t\t\t\t<section class=\"elementor-section elementor-inner-section elementor-element elementor-element-af5bb45 elementor-section-boxed elementor-section-height-default elementor-section-height-default parallax_section_no qode_elementor_container_no\" data-id=\"af5bb45\" data-element_type=\"section\" data-e-type=\"section\">\n\t\t\t\t\t\t<div class=\"elementor-container elementor-column-gap-default\">\n\t\t\t\t\t<div class=\"elementor-column elementor-col-100 elementor-inner-column elementor-element elementor-element-27154d7\" data-id=\"27154d7\" data-element_type=\"column\" data-e-type=\"column\">\n\t\t\t<div class=\"elementor-widget-wrap elementor-element-populated\">\n\t\t\t\t\t\t<div class=\"elementor-element elementor-element-7d255b8 elementor-widget elementor-widget-heading\" data-id=\"7d255b8\" data-element_type=\"widget\" data-e-type=\"widget\" data-widget_type=\"heading.default\">\n\t\t\t\t\t<h2 class=\"elementor-heading-title elementor-size-default\"><a href=\"http:\/\/uil\">Venda de pistes de gel<\/a><\/h2>\t\t\t\t<\/div>\n\t\t\t\t<div class=\"elementor-element elementor-element-a21e314 elementor-widget elementor-widget-text-editor\" data-id=\"a21e314\" data-element_type=\"widget\" data-e-type=\"widget\" data-widget_type=\"text-editor.default\">\n\t\t\t\t\t\t\t\t\t<p><\/p><h3 style=\"text-align: left;\">N-ice ofereix el servei de venda de pistes de gel, reals o sint\u00e8tiques, aix\u00ed com tobogans<\/h3><p>B\u00e9 sigui per a instal\u00b7laci\u00f3 fixa en una localitzaci\u00f3 concreta o de forma temporal en \u00e8poques concretes de l&#8217;any.<\/p><h4 style=\"text-align: left;\">Instal\u00b7lacions 100% personalitzades, a mida de les teves necessitats<\/h4><p>A N-ice t&#8217;assessorem de principi a fi. Busquem la teva millor localitzaci\u00f3, creem esborrany el projecte i\u2026 ens posem en marxa!<\/p><p>Sempre oferint el nostre servei d&#8217;assessorament prevenda i post venda.<\/p><p><strong>Pista, complements i tot el material que necessitis\u2026. Confia en N-ice!<\/strong><\/p>\t\t\t\t\t\t\t\t<\/div>\n\t\t\t\t\t<\/div>\n\t\t<\/div>\n\t\t\t\t\t<\/div>\n\t\t<\/section>\n\t\t\t\t\t<\/div>\n\t\t<\/div>\n\t\t\t\t\t<\/div>\n\t\t<\/section>\n\t\t\t\t<section class=\"elementor-section elementor-top-section elementor-element elementor-element-356ba97 elementor-section-full_width elementor-section-height-default elementor-section-height-default parallax_section_no qode_elementor_container_no\" data-id=\"356ba97\" data-element_type=\"section\" data-e-type=\"section\" id=\"gestion\">\n\t\t\t\t\t\t<div class=\"elementor-container elementor-column-gap-no\">\n\t\t\t\t\t<div class=\"elementor-column elementor-col-100 elementor-top-column elementor-element elementor-element-d59e2e9\" data-id=\"d59e2e9\" data-element_type=\"column\" data-e-type=\"column\">\n\t\t\t<div class=\"elementor-widget-wrap elementor-element-populated\">\n\t\t\t\t\t\t<section class=\"elementor-section elementor-inner-section elementor-element elementor-element-615c8dd elementor-section-boxed elementor-section-height-default elementor-section-height-default parallax_section_no qode_elementor_container_no\" data-id=\"615c8dd\" data-element_type=\"section\" data-e-type=\"section\">\n\t\t\t\t\t\t<div class=\"elementor-container elementor-column-gap-default\">\n\t\t\t\t\t<div class=\"elementor-column elementor-col-100 elementor-inner-column elementor-element elementor-element-7abd5b4\" data-id=\"7abd5b4\" data-element_type=\"column\" data-e-type=\"column\">\n\t\t\t<div class=\"elementor-widget-wrap elementor-element-populated\">\n\t\t\t\t\t\t<div class=\"elementor-element elementor-element-29962c8 elementor-widget elementor-widget-heading\" data-id=\"29962c8\" data-element_type=\"widget\" data-e-type=\"widget\" data-widget_type=\"heading.default\">\n\t\t\t\t\t<h2 class=\"elementor-heading-title elementor-size-default\"><a href=\"http:\/\/uil\">Gesti\u00f3 integral<\/a><\/h2>\t\t\t\t<\/div>\n\t\t\t\t<div class=\"elementor-element elementor-element-e1ccc77 elementor-widget elementor-widget-text-editor\" data-id=\"e1ccc77\" data-element_type=\"widget\" data-e-type=\"widget\" data-widget_type=\"text-editor.default\">\n\t\t\t\t\t\t\t\t\t<p><\/p><h3 style=\"text-align: left;\">N-ice \u00e9s molt m\u00e9s que pistes i tobogans de gel<\/h3><p>Oferim un servei que va m\u00e9s enll\u00e0 del lloguer o la venda de producte: la gesti\u00f3 integral.<\/p><p>Si el teu projecte necessita un complet seguiment, una gesti\u00f3 al seu dia a dia, organitzaci\u00f3 de prove\u00efdors, contractaci\u00f3 de personal\u2026 som la teva soluci\u00f3.<\/p><p><strong>A N-ice ens encarreguem de la gesti\u00f3 integral de la teva pista o tobogan de gel<\/strong>.<\/p>\t\t\t\t\t\t\t\t<\/div>\n\t\t\t\t\t<\/div>\n\t\t<\/div>\n\t\t\t\t\t<\/div>\n\t\t<\/section>\n\t\t\t\t\t<\/div>\n\t\t<\/div>\n\t\t\t\t\t<\/div>\n\t\t<\/section>\n\t\t\t\t<\/div>","protected":false},"excerpt":{"rendered":"<p>Lloguer pista de gel Venda de pistes de gel Gesti\u00f3 integral Lloguer de pistes de gel Un esdeveniment a la vista?Busques dinamitzar visites a la teva poblaci\u00f3, centre comercial o zona d&#8217;oci? Tenim la soluci\u00f3! N-ice ofereix el servei de lloguer de pistes de gel, reals o sint\u00e8tiques, aix\u00ed com tobogans. Una soluci\u00f3 &#8220;clau en m\u00e0&#8220;: ens encarreguem de tot, de principi a fi: transport, muntatge, posada en marxa, material necessari per al funcionament de l&#8217;activitat i assessorament personalitzat a client. Tot, perqu\u00e8 la teva pista de gel estigui a punt per funcionar a la data indicada I seguim al teu costat! Durant el temps en qu\u00e8 estigui operativa, t&#8217;atenem\u2026 servei t\u00e8cnic i post venda disponible 24\/7. Venda de pistes de gel N-ice ofereix el servei de venda de pistes de gel, reals o sint\u00e8tiques, aix\u00ed com tobogans B\u00e9 sigui per a instal\u00b7laci\u00f3 fixa en una localitzaci\u00f3 concreta o de forma temporal en \u00e8poques concretes de l&#8217;any. Instal\u00b7lacions 100% personalitzades, a mida de les teves necessitats A N-ice t&#8217;assessorem de principi a fi. Busquem la teva millor localitzaci\u00f3, creem esborrany el projecte i\u2026 ens posem en marxa! Sempre oferint el nostre servei d&#8217;assessorament prevenda i post venda. Pista, complements i tot el material que necessitis\u2026. Confia en N-ice! Gesti\u00f3 integral N-ice \u00e9s molt m\u00e9s que pistes i tobogans de gel Oferim un servei que va m\u00e9s enll\u00e0 del lloguer o la venda de producte: la gesti\u00f3 integral. Si el teu projecte necessita un complet seguiment, una gesti\u00f3 al seu dia a dia, organitzaci\u00f3 de prove\u00efdors, contractaci\u00f3 de personal\u2026 som la teva soluci\u00f3. A N-ice ens encarreguem de la gesti\u00f3 integral de la teva pista o tobogan de gel.<\/p>\n","protected":false},"author":1,"featured_media":0,"parent":0,"menu_order":0,"comment_status":"closed","ping_status":"closed","template":"elementor_header_footer","meta":{"rs_blank_template":"","rs_page_bg_color":"","slide_template_v7":"","footnotes":""},"class_list":["post-348","page","type-page","status-publish","hentry"],"yoast_head":"<!-- This site is optimized with the Yoast SEO plugin v27.4 - https:\/\/yoast.com\/product\/yoast-seo-wordpress\/ -->\n<title>Serveis - N-ice Skating<\/title>\n<meta name=\"description\" content=\"N-ice ofereix el servei de lloguer o venda de de pistes de gel, reals o sint\u00e8tiques, aix\u00ed com tobogans. Oferim tamb\u00e9 la gesti\u00f3 integral.\" \/>\n<meta name=\"robots\" content=\"index, follow, max-snippet:-1, max-image-preview:large, max-video-preview:-1\" \/>\n<link rel=\"canonical\" href=\"https:\/\/www.n-ice.net\/servicios\/\" \/>\n<meta property=\"og:locale\" content=\"ca_ES\" \/>\n<meta property=\"og:type\" content=\"article\" \/>\n<meta property=\"og:title\" content=\"[:es]Servicios[:ca]Serveis[:en]Services[:] - N-ice Skating\" \/>\n<meta property=\"og:description\" content=\"N-ice ofereix el servei de lloguer o venda de de pistes de gel, reals o sint\u00e8tiques, aix\u00ed com tobogans. Oferim tamb\u00e9 la gesti\u00f3 integral.\" \/>\n<meta property=\"og:url\" content=\"https:\/\/www.n-ice.net\/servicios\/\" \/>\n<meta property=\"og:site_name\" content=\"N-ice Skating\" \/>\n<meta property=\"article:publisher\" content=\"https:\/\/www.facebook.com\/niceskating\/\" \/>\n<meta property=\"article:modified_time\" content=\"2023-10-11T16:17:45+00:00\" \/>\n<meta name=\"twitter:card\" content=\"summary_large_image\" \/>\n<meta name=\"twitter:label1\" content=\"Temps estimat de lectura\" \/>\n\t<meta name=\"twitter:data1\" content=\"5 minuts\" \/>\n<script type=\"application\/ld+json\" class=\"yoast-schema-graph\">{\"@context\":\"https:\\\/\\\/schema.org\",\"@graph\":[{\"@type\":\"WebPage\",\"@id\":\"https:\\\/\\\/www.n-ice.net\\\/servicios\\\/\",\"url\":\"https:\\\/\\\/www.n-ice.net\\\/servicios\\\/\",\"name\":\"[:es]Servicios[:ca]Serveis[:en]Services[:] - N-ice Skating\",\"isPartOf\":{\"@id\":\"https:\\\/\\\/www.n-ice.net\\\/#website\"},\"datePublished\":\"2018-05-04T08:26:45+00:00\",\"dateModified\":\"2023-10-11T16:17:45+00:00\",\"description\":\"N-ice ofereix el servei de lloguer o venda de de pistes de gel, reals o sint\u00e8tiques, aix\u00ed com tobogans. Oferim tamb\u00e9 la gesti\u00f3 integral.\",\"breadcrumb\":{\"@id\":\"https:\\\/\\\/www.n-ice.net\\\/servicios\\\/#breadcrumb\"},\"inLanguage\":\"ca\",\"potentialAction\":[{\"@type\":\"ReadAction\",\"target\":[\"https:\\\/\\\/www.n-ice.net\\\/servicios\\\/\"]}]},{\"@type\":\"BreadcrumbList\",\"@id\":\"https:\\\/\\\/www.n-ice.net\\\/servicios\\\/#breadcrumb\",\"itemListElement\":[{\"@type\":\"ListItem\",\"position\":1,\"name\":\"Home\",\"item\":\"https:\\\/\\\/www.n-ice.net\\\/\"},{\"@type\":\"ListItem\",\"position\":2,\"name\":\"Servicios\"}]},{\"@type\":\"WebSite\",\"@id\":\"https:\\\/\\\/www.n-ice.net\\\/#website\",\"url\":\"https:\\\/\\\/www.n-ice.net\\\/\",\"name\":\"N-ICE\",\"description\":\"Lloguer i venda de pistes de gel real i gel sint\u00e8tic\",\"publisher\":{\"@id\":\"https:\\\/\\\/www.n-ice.net\\\/#organization\"},\"potentialAction\":[{\"@type\":\"SearchAction\",\"target\":{\"@type\":\"EntryPoint\",\"urlTemplate\":\"https:\\\/\\\/www.n-ice.net\\\/?s={search_term_string}\"},\"query-input\":{\"@type\":\"PropertyValueSpecification\",\"valueRequired\":true,\"valueName\":\"search_term_string\"}}],\"inLanguage\":\"ca\"},{\"@type\":\"Organization\",\"@id\":\"https:\\\/\\\/www.n-ice.net\\\/#organization\",\"name\":\"N-Ice\",\"url\":\"https:\\\/\\\/www.n-ice.net\\\/\",\"logo\":{\"@type\":\"ImageObject\",\"inLanguage\":\"ca\",\"@id\":\"https:\\\/\\\/www.n-ice.net\\\/#\\\/schema\\\/logo\\\/image\\\/\",\"url\":\"https:\\\/\\\/www.n-ice.net\\\/wp-content\\\/uploads\\\/2019\\\/03\\\/nice-1.png\",\"contentUrl\":\"https:\\\/\\\/www.n-ice.net\\\/wp-content\\\/uploads\\\/2019\\\/03\\\/nice-1.png\",\"width\":200,\"height\":100,\"caption\":\"N-Ice\"},\"image\":{\"@id\":\"https:\\\/\\\/www.n-ice.net\\\/#\\\/schema\\\/logo\\\/image\\\/\"},\"sameAs\":[\"https:\\\/\\\/www.facebook.com\\\/niceskating\\\/\",\"https:\\\/\\\/www.instagram.com\\\/niceskating_pistasdehielo\\\/\",\"https:\\\/\\\/www.youtube.com\\\/user\\\/NICEskating\"]}]}<\/script>\n<!-- \/ Yoast SEO plugin. -->","yoast_head_json":{"title":"[:es]Servicios[:ca]Serveis[:en]Services[:] - N-ice Skating","description":"N-ice ofereix el servei de lloguer o venda de de pistes de gel, reals o sint\u00e8tiques, aix\u00ed com tobogans. Oferim tamb\u00e9 la gesti\u00f3 integral.","robots":{"index":"index","follow":"follow","max-snippet":"max-snippet:-1","max-image-preview":"max-image-preview:large","max-video-preview":"max-video-preview:-1"},"canonical":"https:\/\/www.n-ice.net\/servicios\/","og_locale":"ca_ES","og_type":"article","og_title":"[:es]Servicios[:ca]Serveis[:en]Services[:] - N-ice Skating","og_description":"N-ice ofereix el servei de lloguer o venda de de pistes de gel, reals o sint\u00e8tiques, aix\u00ed com tobogans. Oferim tamb\u00e9 la gesti\u00f3 integral.","og_url":"https:\/\/www.n-ice.net\/servicios\/","og_site_name":"N-ice Skating","article_publisher":"https:\/\/www.facebook.com\/niceskating\/","article_modified_time":"2023-10-11T16:17:45+00:00","twitter_card":"summary_large_image","twitter_misc":{"Temps estimat de lectura":"5 minuts"},"schema":{"@context":"https:\/\/schema.org","@graph":[{"@type":"WebPage","@id":"https:\/\/www.n-ice.net\/servicios\/","url":"https:\/\/www.n-ice.net\/servicios\/","name":"[:es]Servicios[:ca]Serveis[:en]Services[:] - N-ice Skating","isPartOf":{"@id":"https:\/\/www.n-ice.net\/#website"},"datePublished":"2018-05-04T08:26:45+00:00","dateModified":"2023-10-11T16:17:45+00:00","description":"N-ice ofereix el servei de lloguer o venda de de pistes de gel, reals o sint\u00e8tiques, aix\u00ed com tobogans. Oferim tamb\u00e9 la gesti\u00f3 integral.","breadcrumb":{"@id":"https:\/\/www.n-ice.net\/servicios\/#breadcrumb"},"inLanguage":"ca","potentialAction":[{"@type":"ReadAction","target":["https:\/\/www.n-ice.net\/servicios\/"]}]},{"@type":"BreadcrumbList","@id":"https:\/\/www.n-ice.net\/servicios\/#breadcrumb","itemListElement":[{"@type":"ListItem","position":1,"name":"Home","item":"https:\/\/www.n-ice.net\/"},{"@type":"ListItem","position":2,"name":"Servicios"}]},{"@type":"WebSite","@id":"https:\/\/www.n-ice.net\/#website","url":"https:\/\/www.n-ice.net\/","name":"N-ICE","description":"Lloguer i venda de pistes de gel real i gel sint\u00e8tic","publisher":{"@id":"https:\/\/www.n-ice.net\/#organization"},"potentialAction":[{"@type":"SearchAction","target":{"@type":"EntryPoint","urlTemplate":"https:\/\/www.n-ice.net\/?s={search_term_string}"},"query-input":{"@type":"PropertyValueSpecification","valueRequired":true,"valueName":"search_term_string"}}],"inLanguage":"ca"},{"@type":"Organization","@id":"https:\/\/www.n-ice.net\/#organization","name":"N-Ice","url":"https:\/\/www.n-ice.net\/","logo":{"@type":"ImageObject","inLanguage":"ca","@id":"https:\/\/www.n-ice.net\/#\/schema\/logo\/image\/","url":"https:\/\/www.n-ice.net\/wp-content\/uploads\/2019\/03\/nice-1.png","contentUrl":"https:\/\/www.n-ice.net\/wp-content\/uploads\/2019\/03\/nice-1.png","width":200,"height":100,"caption":"N-Ice"},"image":{"@id":"https:\/\/www.n-ice.net\/#\/schema\/logo\/image\/"},"sameAs":["https:\/\/www.facebook.com\/niceskating\/","https:\/\/www.instagram.com\/niceskating_pistasdehielo\/","https:\/\/www.youtube.com\/user\/NICEskating"]}]}},"_links":{"self":[{"href":"https:\/\/www.n-ice.net\/ca\/wp-json\/wp\/v2\/pages\/348","targetHints":{"allow":["GET"]}}],"collection":[{"href":"https:\/\/www.n-ice.net\/ca\/wp-json\/wp\/v2\/pages"}],"about":[{"href":"https:\/\/www.n-ice.net\/ca\/wp-json\/wp\/v2\/types\/page"}],"author":[{"embeddable":true,"href":"https:\/\/www.n-ice.net\/ca\/wp-json\/wp\/v2\/users\/1"}],"replies":[{"embeddable":true,"href":"https:\/\/www.n-ice.net\/ca\/wp-json\/wp\/v2\/comments?post=348"}],"version-history":[{"count":1,"href":"https:\/\/www.n-ice.net\/ca\/wp-json\/wp\/v2\/pages\/348\/revisions"}],"predecessor-version":[{"id":3512,"href":"https:\/\/www.n-ice.net\/ca\/wp-json\/wp\/v2\/pages\/348\/revisions\/3512"}],"wp:attachment":[{"href":"https:\/\/www.n-ice.net\/ca\/wp-json\/wp\/v2\/media?parent=348"}],"curies":[{"name":"wp","href":"https:\/\/api.w.org\/{rel}","templated":true}]}}